{"id":34,"date":"2015-01-06T10:04:38","date_gmt":"2015-01-06T10:04:38","guid":{"rendered":"http:\/\/kamelmsaoubi.com\/?page_id=34"},"modified":"2018-05-22T22:49:14","modified_gmt":"2018-05-22T21:49:14","slug":"qui-suis-je","status":"publish","type":"page","link":"http:\/\/kamelmsaoubi.com\/blog\/qui-suis-je\/","title":{"rendered":"Qui Suis-Je ?"},"content":{"rendered":"<div id=\"attachment_77\" style=\"width: 160px\" class=\"wp-caption alignright\"><a href=\"http:\/\/kamelmsaoubi.com\/blog\/wp-content\/uploads\/2015\/01\/photo-de-kamel1.jpg\" data-rel=\"lightbox-image-0\" data-rl_title=\"\" data-rl_caption=\"\" title=\"\"><img aria-describedby=\"caption-attachment-77\" loading=\"lazy\" class=\"wp-image-77\" src=\"http:\/\/kamelmsaoubi.com\/blog\/wp-content\/uploads\/2015\/01\/photo-de-kamel1-150x150.jpg\" alt=\"qui sui-je photo de kamel prise dans les rues de Meaux\" width=\"150\" height=\"150\" srcset=\"http:\/\/kamelmsaoubi.com\/blog\/wp-content\/uploads\/2015\/01\/photo-de-kamel1-150x150.jpg 150w, http:\/\/kamelmsaoubi.com\/blog\/wp-content\/uploads\/2015\/01\/photo-de-kamel1-300x300.jpg 300w, http:\/\/kamelmsaoubi.com\/blog\/wp-content\/uploads\/2015\/01\/photo-de-kamel1.jpg 379w\" sizes=\"(max-width: 150px) 100vw, 150px\" \/><\/a><p id=\"caption-attachment-77\" class=\"wp-caption-text\">Kamel Msaoubi &#8211;\u00a0D\u00e9veloppeur\u00a0<\/p><\/div>\n<p>Passionn\u00e9 d&rsquo;informatique depuis l&rsquo;enfance et r\u00e9cemment acteur de ce milieu, j&rsquo;ai tr\u00e8s vite eu le go\u00fbt de faire partager mes connaissances aux autres passionn\u00e9s. A travers mon emploi, il m&rsquo;est arriv\u00e9 de devoir me mettre \u00e0 r\u00e9diger des tutoriels pour des chefs de projet destin\u00e9s \u00e0 aider les \u00e9quipes techniques. Assez frustr\u00e9 de savoir que mes tutoriels &#8230; euh non proc\u00e9dure ne serviraient qu&rsquo;\u00e0 cette seule entreprise, j&rsquo;ai d\u00e9cid\u00e9 d&rsquo;en cr\u00e9er de nouveaux et de les publier gratuitement sur la sph\u00e8re Internet. Ainsi, chacun peut venir apprendre et progresser rapidement et facilement.<\/p>\n<p><strong>QUI SUIS-JE ?<br \/>\n<\/strong><\/p>\n<p>Maintenant que vous savez pourquoi j&rsquo;ai d\u00e9cid\u00e9 de cr\u00e9er ce site web, vous voudrez certainement en savoir un peu plus sur mon parcours. Apr\u00e8s mon Baccalaur\u00e9at en s\u00e9rie Scientifique sp\u00e9cialis\u00e9 en math\u00e9matiques, j&rsquo;ai d\u00e9cider de suivre des cours d&rsquo;Art et ai d\u00e9croch\u00e9 une licence \u00e0 l&rsquo;universit\u00e9 Panth\u00e9on-Sorbonne en mention cin\u00e9ma. Mal m&rsquo;en est pris, j&rsquo;ai finalement perdu toute ambition dans ce domaine et ai d\u00e9cid\u00e9 de me r\u00e9-orienter dans un domaine dans lequel j&rsquo;avais d\u00e9j\u00e0 acquis pas mal de bonnes choses: l&rsquo;informatique. J&rsquo;ai donc pass\u00e9 une \u00e9quivalence au BTS, le RNCP Niveau III Technicien Sup\u00e9rieur en Support Informatique dans un centre de formation priv\u00e9, Telinf. J&rsquo;y ai appris beaucoup de nouvelles choses et parfois j&rsquo;ai revu certains fondamentaux en informatique que je connaissais d\u00e9j\u00e0 de part mon caract\u00e8re autodidacte. Puis le dipl\u00f4me en poche, je suis parti \u00e0 la recherche de mon premier emploi d&rsquo;informaticien. En l&rsquo;espace de quelques mois j&rsquo;ai gravi les \u00e9chelons. De technicien help-desk, je suis pass\u00e9 \u00e0 celui d&rsquo;Administrateur syst\u00e8me.<\/p>\n<p>Les marches ont \u00e9t\u00e9 gravis au fur et \u00e0 mesure, j&rsquo;ai suivi une deuxi\u00e8me formation RNCP de niveau II cette fois dans le domaine du d\u00e9veloppement informatique, au centre AFCEPF. J&rsquo;y ai appris les langages de programmation Java et C#. J&rsquo;ai trouv\u00e9 un poste chez un \u00e9diteur de logiciel sp\u00e9cialis\u00e9 dans le CRM (Customer Relationship Management) en tant que Consultant Technique. Cela fait maintenant 2 ann\u00e9es et demi que j\u2019exerce cette fonction.<\/p>\n","protected":false},"excerpt":{"rendered":"<p>Passionn\u00e9 d&rsquo;informatique depuis l&rsquo;enfance et r\u00e9cemment acteur de ce milieu, j&rsquo;ai tr\u00e8s vite eu le go\u00fbt de faire partager mes connaissances aux autres passionn\u00e9s. A travers mon emploi, il m&rsquo;est arriv\u00e9 de devoir me mettre \u00e0 r\u00e9diger des tutoriels pour des chefs de projet destin\u00e9s \u00e0 aider les \u00e9quipes techniques. Assez frustr\u00e9 de savoir que [&hellip;]<\/p>\n","protected":false},"author":1,"featured_media":77,"parent":0,"menu_order":0,"comment_status":"open","ping_status":"open","template":"","meta":[],"yoast_head":"<!-- This site is optimized with the Yoast SEO plugin v14.9 - https:\/\/yoast.com\/wordpress\/plugins\/seo\/ -->\n<meta name=\"description\" content=\"Qui suis-je ? Voici les informations sur mon parcours et mes comp\u00e9tence\/exp\u00e9riences en informatique.\" \/>\n<meta name=\"robots\" content=\"index, follow, max-snippet:-1, max-image-preview:large, max-video-preview:-1\" \/>\n<link rel=\"canonical\" href=\"http:\/\/kamelmsaoubi.com\/blog\/qui-suis-je\/\" \/>\n<meta property=\"og:locale\" content=\"fr_FR\" \/>\n<meta property=\"og:type\" content=\"article\" \/>\n<meta property=\"og:title\" content=\"Qui Suis-Je ? &bull; KAMEL MSAOUBI\" \/>\n<meta property=\"og:description\" content=\"Qui suis-je ? Voici les informations sur mon parcours et mes comp\u00e9tence\/exp\u00e9riences en informatique.\" \/>\n<meta property=\"og:url\" content=\"http:\/\/kamelmsaoubi.com\/blog\/qui-suis-je\/\" \/>\n<meta property=\"og:site_name\" content=\"KAMEL MSAOUBI\" \/>\n<meta property=\"article:author\" content=\"http:\/\/www.facebook.com\/kamaloush\" \/>\n<meta property=\"article:modified_time\" content=\"2018-05-22T21:49:14+00:00\" \/>\n<meta property=\"og:image\" content=\"http:\/\/kamelmsaoubi.com\/blog\/wp-content\/uploads\/2015\/01\/photo-de-kamel1.jpg\" \/>\n\t<meta property=\"og:image:width\" content=\"379\" \/>\n\t<meta property=\"og:image:height\" content=\"379\" \/>\n<script type=\"application\/ld+json\" class=\"yoast-schema-graph\">{\"@context\":\"https:\/\/schema.org\",\"@graph\":[{\"@type\":\"WebSite\",\"@id\":\"http:\/\/kamelmsaoubi.com\/blog\/#website\",\"url\":\"http:\/\/kamelmsaoubi.com\/blog\/\",\"name\":\"KAMEL MSAOUBI\",\"description\":\"D\\u00e9veloppeur Web FullStack\",\"potentialAction\":[{\"@type\":\"SearchAction\",\"target\":\"http:\/\/kamelmsaoubi.com\/blog\/?s={search_term_string}\",\"query-input\":\"required name=search_term_string\"}],\"inLanguage\":\"fr-FR\"},{\"@type\":\"ImageObject\",\"@id\":\"http:\/\/kamelmsaoubi.com\/blog\/qui-suis-je\/#primaryimage\",\"inLanguage\":\"fr-FR\",\"url\":\"http:\/\/kamelmsaoubi.com\/blog\/wp-content\/uploads\/2015\/01\/photo-de-kamel1.jpg\",\"width\":379,\"height\":379,\"caption\":\"photo de kamel prise dans les rues de Meaux\"},{\"@type\":\"WebPage\",\"@id\":\"http:\/\/kamelmsaoubi.com\/blog\/qui-suis-je\/#webpage\",\"url\":\"http:\/\/kamelmsaoubi.com\/blog\/qui-suis-je\/\",\"name\":\"Qui Suis-Je ? &bull; KAMEL MSAOUBI\",\"isPartOf\":{\"@id\":\"http:\/\/kamelmsaoubi.com\/blog\/#website\"},\"primaryImageOfPage\":{\"@id\":\"http:\/\/kamelmsaoubi.com\/blog\/qui-suis-je\/#primaryimage\"},\"datePublished\":\"2015-01-06T10:04:38+00:00\",\"dateModified\":\"2018-05-22T21:49:14+00:00\",\"description\":\"Qui suis-je ? Voici les informations sur mon parcours et mes comp\\u00e9tence\/exp\\u00e9riences en informatique.\",\"inLanguage\":\"fr-FR\",\"potentialAction\":[{\"@type\":\"ReadAction\",\"target\":[\"http:\/\/kamelmsaoubi.com\/blog\/qui-suis-je\/\"]}]}]}<\/script>\n<!-- \/ Yoast SEO plugin. -->","_links":{"self":[{"href":"http:\/\/kamelmsaoubi.com\/blog\/wp-json\/wp\/v2\/pages\/34"}],"collection":[{"href":"http:\/\/kamelmsaoubi.com\/blog\/wp-json\/wp\/v2\/pages"}],"about":[{"href":"http:\/\/kamelmsaoubi.com\/blog\/wp-json\/wp\/v2\/types\/page"}],"author":[{"embeddable":true,"href":"http:\/\/kamelmsaoubi.com\/blog\/wp-json\/wp\/v2\/users\/1"}],"replies":[{"embeddable":true,"href":"http:\/\/kamelmsaoubi.com\/blog\/wp-json\/wp\/v2\/comments?post=34"}],"version-history":[{"count":11,"href":"http:\/\/kamelmsaoubi.com\/blog\/wp-json\/wp\/v2\/pages\/34\/revisions"}],"predecessor-version":[{"id":536,"href":"http:\/\/kamelmsaoubi.com\/blog\/wp-json\/wp\/v2\/pages\/34\/revisions\/536"}],"wp:featuredmedia":[{"embeddable":true,"href":"http:\/\/kamelmsaoubi.com\/blog\/wp-json\/wp\/v2\/media\/77"}],"wp:attachment":[{"href":"http:\/\/kamelmsaoubi.com\/blog\/wp-json\/wp\/v2\/media?parent=34"}],"curies":[{"name":"wp","href":"https:\/\/api.w.org\/{rel}","templated":true}]}}